{"id":837,"date":"2026-03-17T15:36:17","date_gmt":"2026-03-17T14:36:17","guid":{"rendered":"https:\/\/www.benediktpreis.de\/preamble\/"},"modified":"2026-03-26T13:33:12","modified_gmt":"2026-03-26T12:33:12","slug":"preamble","status":"publish","type":"page","link":"https:\/\/www.benediktpreis.de\/en\/preamble\/","title":{"rendered":"Preamble"},"content":{"rendered":"\t\t<div data-elementor-type=\"wp-page\" data-elementor-id=\"837\" class=\"elementor elementor-837 elementor-515\" data-elementor-post-type=\"page\">\n\t\t\t\t<div class=\"elementor-element elementor-element-16e2b915 e-flex e-con-boxed e-con e-parent\" data-id=\"16e2b915\" data-element_type=\"container\" data-e-type=\"container\">\n\t\t\t\t\t<div class=\"e-con-inner\">\n\t\t\t\t<div class=\"elementor-element elementor-element-229881f8 elementor-widget elementor-widget-image\" data-id=\"229881f8\" data-element_type=\"widget\" data-e-type=\"widget\" data-widget_type=\"image.default\">\n\t\t\t\t\t\t\t\t\t\t\t\t\t\t\t<img fetchpriority=\"high\" decoding=\"async\" width=\"800\" height=\"534\" src=\"https:\/\/www.benediktpreis.de\/wp-content\/uploads\/2026\/03\/iStock-1283007859-1024x683.jpg\" class=\"attachment-large size-large wp-image-838\" alt=\"\" srcset=\"https:\/\/www.benediktpreis.de\/wp-content\/uploads\/2026\/03\/iStock-1283007859-1024x683.jpg 1024w, https:\/\/www.benediktpreis.de\/wp-content\/uploads\/2026\/03\/iStock-1283007859-300x200.jpg 300w, https:\/\/www.benediktpreis.de\/wp-content\/uploads\/2026\/03\/iStock-1283007859-768x512.jpg 768w, https:\/\/www.benediktpreis.de\/wp-content\/uploads\/2026\/03\/iStock-1283007859-1536x1024.jpg 1536w, https:\/\/www.benediktpreis.de\/wp-content\/uploads\/2026\/03\/iStock-1283007859-2048x1365.jpg 2048w\" sizes=\"(max-width: 800px) 100vw, 800px\" \/>\t\t\t\t\t\t\t\t\t\t\t\t\t\t\t<\/div>\n\t\t<div class=\"elementor-element elementor-element-6855b2dd e-con-full e-flex e-con e-child\" data-id=\"6855b2dd\" data-element_type=\"container\" data-e-type=\"container\">\n\t\t<div class=\"elementor-element elementor-element-5e82ee3e e-con-full e-flex e-con e-child\" data-id=\"5e82ee3e\" data-element_type=\"container\" data-e-type=\"container\">\n\t\t\t\t<div class=\"elementor-element elementor-element-6f92e359 elementor-widget elementor-widget-heading\" data-id=\"6f92e359\" data-element_type=\"widget\" data-e-type=\"widget\" data-widget_type=\"heading.default\">\n\t\t\t\t\t<h1 class=\"elementor-heading-title elementor-size-default\">Benedict Prize of M\u00f6nchengladbach<\/h1>\t\t\t\t<\/div>\n\t\t\t\t<div class=\"elementor-element elementor-element-86b6665 elementor-widget elementor-widget-heading\" data-id=\"86b6665\" data-element_type=\"widget\" data-e-type=\"widget\" data-widget_type=\"heading.default\">\n\t\t\t\t\t<p class=\"elementor-heading-title elementor-size-default\">Preamble<\/p>\t\t\t\t<\/div>\n\t\t\t\t<div class=\"elementor-element elementor-element-7eb61a25 elementor-widget elementor-widget-text-editor\" data-id=\"7eb61a25\" data-element_type=\"widget\" data-e-type=\"widget\" data-widget_type=\"text-editor.default\">\n\t\t\t\t\t\t\t\t\t<p>Since the 1960s, the Benedict Prize has been awarded at regular intervals by the B\u00fcrgerverein M\u00f6nchengladbach e.V. in cooperation with the City of M\u00f6nchengladbach, first presented in 1968. The prize was intended to honor individuals who have set standards through active engagement or outstanding achievements in the fields of research, art, or science, and who have rendered exceptional service to the preservation of local heritage and traditions. Due to the dissolution of the B\u00fcrgerverein, the prize was awarded for the last time in its previous form in 2010.<\/p><p>In order to continue awarding a &#8220;Benedict Prize&#8221; in M\u00f6nchengladbach in the future, an association was founded in 2013 with the task of presenting the &#8220;Benedict Prize of M\u00f6nchengladbach&#8221; under new framework conditions.<\/p><p>Benedict of Nursia is the patron saint of Europe. M\u00f6nchengladbach is located in the heart of Europe and is a Benedictine foundation. For many centuries until the secularization at the beginning of the 19th century, a Benedictine monastery existed in the city, which significantly shaped the coexistence of its people and continues to influence its development to this day.<\/p><p>With its Benedictine heritage and its central location in Europe, the City of M\u00f6nchengladbach is a suitable and indeed predestined location for awarding a prize associated with the name Benedict.<\/p><p>Benedict gave his order the rule &#8220;ora et labora.&#8221; This marked the beginning of an endeavor, successful to this day, to harmonize faith and reason. Against this background of tradition and contemporary relevance, the &#8220;Benedict Prize of M\u00f6nchengladbach&#8221; shall honor individuals whose value-oriented actions stand out in a special way against the backdrop of Christian-Western experience. This is expressed above all in fundamental works and\/or deeds\u2014including those of younger people\u2014in science, business, politics, society, and culture that serve as examples for the future.<\/p><p>The prize is independent of religious denomination and political party affiliation.<\/p>\t\t\t\t\t\t\t\t<\/div>\n\t\t\t\t<\/div>\n\t\t<div class=\"elementor-element elementor-element-5841d5c e-con-full e-flex e-con e-child\" data-id=\"5841d5c\" data-element_type=\"container\" data-e-type=\"container\">\n\t\t\t\t<\/div>\n\t\t\t\t<\/div>\n\t\t\t\t\t<\/div>\n\t\t\t\t<\/div>\n\t\t\t\t<\/div>\n\t\t","protected":false},"excerpt":{"rendered":"<p>Benedict Prize of M\u00f6nchengladbach Preamble Since the 1960s, the Benedict Prize has been awarded at regular intervals by the B\u00fcrgerverein M\u00f6nchengladbach e.V. in cooperation with the City of M\u00f6nchengladbach, first presented in 1968. The prize was intended to honor individuals who have set standards through active engagement or outstanding achievements in the fields of research, [&hellip;]<\/p>\n","protected":false},"author":1,"featured_media":0,"parent":0,"menu_order":0,"comment_status":"closed","ping_status":"closed","template":"","meta":{"_acf_changed":false,"footnotes":""},"class_list":["post-837","page","type-page","status-publish","hentry"],"acf":[],"yoast_head":"<!-- This site is optimized with the Yoast SEO plugin v27.4 - https:\/\/yoast.com\/product\/yoast-seo-wordpress\/ -->\n<title>Preamble - Benediktpreis von M\u00f6nchengladbach<\/title>\n<meta name=\"robots\" content=\"index, follow, max-snippet:-1, max-image-preview:large, max-video-preview:-1\" \/>\n<link rel=\"canonical\" href=\"https:\/\/www.benediktpreis.de\/en\/preamble\/\" \/>\n<meta property=\"og:locale\" content=\"en_US\" \/>\n<meta property=\"og:type\" content=\"article\" \/>\n<meta property=\"og:title\" content=\"Preamble - Benediktpreis von M\u00f6nchengladbach\" \/>\n<meta property=\"og:description\" content=\"Benedict Prize of M\u00f6nchengladbach Preamble Since the 1960s, the Benedict Prize has been awarded at regular intervals by the B\u00fcrgerverein M\u00f6nchengladbach e.V. in cooperation with the City of M\u00f6nchengladbach, first presented in 1968. The prize was intended to honor individuals who have set standards through active engagement or outstanding achievements in the fields of research, [&hellip;]\" \/>\n<meta property=\"og:url\" content=\"https:\/\/www.benediktpreis.de\/en\/preamble\/\" \/>\n<meta property=\"og:site_name\" content=\"Benediktpreis von M\u00f6nchengladbach\" \/>\n<meta property=\"article:modified_time\" content=\"2026-03-26T12:33:12+00:00\" \/>\n<meta property=\"og:image\" content=\"https:\/\/www.benediktpreis.de\/wp-content\/uploads\/2026\/03\/iStock-1283007859.jpg\" \/>\n\t<meta property=\"og:image:width\" content=\"2121\" \/>\n\t<meta property=\"og:image:height\" content=\"1414\" \/>\n\t<meta property=\"og:image:type\" content=\"image\/jpeg\" \/>\n<meta name=\"twitter:card\" content=\"summary_large_image\" \/>\n<meta name=\"twitter:label1\" content=\"Est. reading time\" \/>\n\t<meta name=\"twitter:data1\" content=\"2 minutes\" \/>\n<script type=\"application\/ld+json\" class=\"yoast-schema-graph\">{\"@context\":\"https:\\\/\\\/schema.org\",\"@graph\":[{\"@type\":\"WebPage\",\"@id\":\"https:\\\/\\\/www.benediktpreis.de\\\/en\\\/preamble\\\/\",\"url\":\"https:\\\/\\\/www.benediktpreis.de\\\/en\\\/preamble\\\/\",\"name\":\"Preamble - Benediktpreis von M\u00f6nchengladbach\",\"isPartOf\":{\"@id\":\"https:\\\/\\\/www.benediktpreis.de\\\/en\\\/#website\"},\"primaryImageOfPage\":{\"@id\":\"https:\\\/\\\/www.benediktpreis.de\\\/en\\\/preamble\\\/#primaryimage\"},\"image\":{\"@id\":\"https:\\\/\\\/www.benediktpreis.de\\\/en\\\/preamble\\\/#primaryimage\"},\"thumbnailUrl\":\"https:\\\/\\\/www.benediktpreis.de\\\/wp-content\\\/uploads\\\/2026\\\/03\\\/iStock-1283007859-1024x683.jpg\",\"datePublished\":\"2026-03-17T14:36:17+00:00\",\"dateModified\":\"2026-03-26T12:33:12+00:00\",\"breadcrumb\":{\"@id\":\"https:\\\/\\\/www.benediktpreis.de\\\/en\\\/preamble\\\/#breadcrumb\"},\"inLanguage\":\"en-US\",\"potentialAction\":[{\"@type\":\"ReadAction\",\"target\":[\"https:\\\/\\\/www.benediktpreis.de\\\/en\\\/preamble\\\/\"]}]},{\"@type\":\"ImageObject\",\"inLanguage\":\"en-US\",\"@id\":\"https:\\\/\\\/www.benediktpreis.de\\\/en\\\/preamble\\\/#primaryimage\",\"url\":\"https:\\\/\\\/www.benediktpreis.de\\\/wp-content\\\/uploads\\\/2026\\\/03\\\/iStock-1283007859-1024x683.jpg\",\"contentUrl\":\"https:\\\/\\\/www.benediktpreis.de\\\/wp-content\\\/uploads\\\/2026\\\/03\\\/iStock-1283007859-1024x683.jpg\"},{\"@type\":\"BreadcrumbList\",\"@id\":\"https:\\\/\\\/www.benediktpreis.de\\\/en\\\/preamble\\\/#breadcrumb\",\"itemListElement\":[{\"@type\":\"ListItem\",\"position\":1,\"name\":\"Start\",\"item\":\"https:\\\/\\\/www.benediktpreis.de\\\/en\\\/home\\\/\"},{\"@type\":\"ListItem\",\"position\":2,\"name\":\"Preamble\"}]},{\"@type\":\"WebSite\",\"@id\":\"https:\\\/\\\/www.benediktpreis.de\\\/en\\\/#website\",\"url\":\"https:\\\/\\\/www.benediktpreis.de\\\/en\\\/\",\"name\":\"Benediktpreis von M\u00f6nchengladbach\",\"description\":\"\",\"publisher\":{\"@id\":\"https:\\\/\\\/www.benediktpreis.de\\\/en\\\/#organization\"},\"potentialAction\":[{\"@type\":\"SearchAction\",\"target\":{\"@type\":\"EntryPoint\",\"urlTemplate\":\"https:\\\/\\\/www.benediktpreis.de\\\/en\\\/?s={search_term_string}\"},\"query-input\":{\"@type\":\"PropertyValueSpecification\",\"valueRequired\":true,\"valueName\":\"search_term_string\"}}],\"inLanguage\":\"en-US\"},{\"@type\":\"Organization\",\"@id\":\"https:\\\/\\\/www.benediktpreis.de\\\/en\\\/#organization\",\"name\":\"Benediktpreis von M\u00f6nchengladbach\",\"url\":\"https:\\\/\\\/www.benediktpreis.de\\\/en\\\/\",\"logo\":{\"@type\":\"ImageObject\",\"inLanguage\":\"en-US\",\"@id\":\"https:\\\/\\\/www.benediktpreis.de\\\/en\\\/#\\\/schema\\\/logo\\\/image\\\/\",\"url\":\"https:\\\/\\\/www.benediktpreis.de\\\/wp-content\\\/uploads\\\/2026\\\/02\\\/Benediktpreis-Logo.svg\",\"contentUrl\":\"https:\\\/\\\/www.benediktpreis.de\\\/wp-content\\\/uploads\\\/2026\\\/02\\\/Benediktpreis-Logo.svg\",\"width\":207,\"height\":64,\"caption\":\"Benediktpreis von M\u00f6nchengladbach\"},\"image\":{\"@id\":\"https:\\\/\\\/www.benediktpreis.de\\\/en\\\/#\\\/schema\\\/logo\\\/image\\\/\"}}]}<\/script>\n<!-- \/ Yoast SEO plugin. -->","yoast_head_json":{"title":"Preamble - Benediktpreis von M\u00f6nchengladbach","robots":{"index":"index","follow":"follow","max-snippet":"max-snippet:-1","max-image-preview":"max-image-preview:large","max-video-preview":"max-video-preview:-1"},"canonical":"https:\/\/www.benediktpreis.de\/en\/preamble\/","og_locale":"en_US","og_type":"article","og_title":"Preamble - Benediktpreis von M\u00f6nchengladbach","og_description":"Benedict Prize of M\u00f6nchengladbach Preamble Since the 1960s, the Benedict Prize has been awarded at regular intervals by the B\u00fcrgerverein M\u00f6nchengladbach e.V. in cooperation with the City of M\u00f6nchengladbach, first presented in 1968. The prize was intended to honor individuals who have set standards through active engagement or outstanding achievements in the fields of research, [&hellip;]","og_url":"https:\/\/www.benediktpreis.de\/en\/preamble\/","og_site_name":"Benediktpreis von M\u00f6nchengladbach","article_modified_time":"2026-03-26T12:33:12+00:00","og_image":[{"width":2121,"height":1414,"url":"https:\/\/www.benediktpreis.de\/wp-content\/uploads\/2026\/03\/iStock-1283007859.jpg","type":"image\/jpeg"}],"twitter_card":"summary_large_image","twitter_misc":{"Est. reading time":"2 minutes"},"schema":{"@context":"https:\/\/schema.org","@graph":[{"@type":"WebPage","@id":"https:\/\/www.benediktpreis.de\/en\/preamble\/","url":"https:\/\/www.benediktpreis.de\/en\/preamble\/","name":"Preamble - Benediktpreis von M\u00f6nchengladbach","isPartOf":{"@id":"https:\/\/www.benediktpreis.de\/en\/#website"},"primaryImageOfPage":{"@id":"https:\/\/www.benediktpreis.de\/en\/preamble\/#primaryimage"},"image":{"@id":"https:\/\/www.benediktpreis.de\/en\/preamble\/#primaryimage"},"thumbnailUrl":"https:\/\/www.benediktpreis.de\/wp-content\/uploads\/2026\/03\/iStock-1283007859-1024x683.jpg","datePublished":"2026-03-17T14:36:17+00:00","dateModified":"2026-03-26T12:33:12+00:00","breadcrumb":{"@id":"https:\/\/www.benediktpreis.de\/en\/preamble\/#breadcrumb"},"inLanguage":"en-US","potentialAction":[{"@type":"ReadAction","target":["https:\/\/www.benediktpreis.de\/en\/preamble\/"]}]},{"@type":"ImageObject","inLanguage":"en-US","@id":"https:\/\/www.benediktpreis.de\/en\/preamble\/#primaryimage","url":"https:\/\/www.benediktpreis.de\/wp-content\/uploads\/2026\/03\/iStock-1283007859-1024x683.jpg","contentUrl":"https:\/\/www.benediktpreis.de\/wp-content\/uploads\/2026\/03\/iStock-1283007859-1024x683.jpg"},{"@type":"BreadcrumbList","@id":"https:\/\/www.benediktpreis.de\/en\/preamble\/#breadcrumb","itemListElement":[{"@type":"ListItem","position":1,"name":"Start","item":"https:\/\/www.benediktpreis.de\/en\/home\/"},{"@type":"ListItem","position":2,"name":"Preamble"}]},{"@type":"WebSite","@id":"https:\/\/www.benediktpreis.de\/en\/#website","url":"https:\/\/www.benediktpreis.de\/en\/","name":"Benediktpreis von M\u00f6nchengladbach","description":"","publisher":{"@id":"https:\/\/www.benediktpreis.de\/en\/#organization"},"potentialAction":[{"@type":"SearchAction","target":{"@type":"EntryPoint","urlTemplate":"https:\/\/www.benediktpreis.de\/en\/?s={search_term_string}"},"query-input":{"@type":"PropertyValueSpecification","valueRequired":true,"valueName":"search_term_string"}}],"inLanguage":"en-US"},{"@type":"Organization","@id":"https:\/\/www.benediktpreis.de\/en\/#organization","name":"Benediktpreis von M\u00f6nchengladbach","url":"https:\/\/www.benediktpreis.de\/en\/","logo":{"@type":"ImageObject","inLanguage":"en-US","@id":"https:\/\/www.benediktpreis.de\/en\/#\/schema\/logo\/image\/","url":"https:\/\/www.benediktpreis.de\/wp-content\/uploads\/2026\/02\/Benediktpreis-Logo.svg","contentUrl":"https:\/\/www.benediktpreis.de\/wp-content\/uploads\/2026\/02\/Benediktpreis-Logo.svg","width":207,"height":64,"caption":"Benediktpreis von M\u00f6nchengladbach"},"image":{"@id":"https:\/\/www.benediktpreis.de\/en\/#\/schema\/logo\/image\/"}}]}},"_links":{"self":[{"href":"https:\/\/www.benediktpreis.de\/en\/wp-json\/wp\/v2\/pages\/837","targetHints":{"allow":["GET"]}}],"collection":[{"href":"https:\/\/www.benediktpreis.de\/en\/wp-json\/wp\/v2\/pages"}],"about":[{"href":"https:\/\/www.benediktpreis.de\/en\/wp-json\/wp\/v2\/types\/page"}],"author":[{"embeddable":true,"href":"https:\/\/www.benediktpreis.de\/en\/wp-json\/wp\/v2\/users\/1"}],"replies":[{"embeddable":true,"href":"https:\/\/www.benediktpreis.de\/en\/wp-json\/wp\/v2\/comments?post=837"}],"version-history":[{"count":1,"href":"https:\/\/www.benediktpreis.de\/en\/wp-json\/wp\/v2\/pages\/837\/revisions"}],"predecessor-version":[{"id":839,"href":"https:\/\/www.benediktpreis.de\/en\/wp-json\/wp\/v2\/pages\/837\/revisions\/839"}],"wp:attachment":[{"href":"https:\/\/www.benediktpreis.de\/en\/wp-json\/wp\/v2\/media?parent=837"}],"curies":[{"name":"wp","href":"https:\/\/api.w.org\/{rel}","templated":true}]}}