{"id":687,"date":"2026-02-23T15:30:23","date_gmt":"2026-02-23T14:30:23","guid":{"rendered":"https:\/\/www.benediktpreis.de\/legal-notice\/"},"modified":"2026-04-15T14:28:07","modified_gmt":"2026-04-15T12:28:07","slug":"legal-notice","status":"publish","type":"page","link":"https:\/\/www.benediktpreis.de\/en\/legal-notice\/","title":{"rendered":"Legal Notice"},"content":{"rendered":"\t\t<div data-elementor-type=\"wp-page\" data-elementor-id=\"687\" class=\"elementor elementor-687 elementor-216\" data-elementor-post-type=\"page\">\n\t\t\t\t<div class=\"elementor-element elementor-element-52a0feb e-flex e-con-boxed e-con e-parent\" data-id=\"52a0feb\" data-element_type=\"container\" data-e-type=\"container\">\n\t\t\t\t\t<div class=\"e-con-inner\">\n\t\t<div class=\"elementor-element elementor-element-4bd2a390 e-con-full e-flex e-con e-child\" data-id=\"4bd2a390\" data-element_type=\"container\" data-e-type=\"container\">\n\t\t<div class=\"elementor-element elementor-element-49b9aabe e-con-full e-flex e-con e-child\" data-id=\"49b9aabe\" data-element_type=\"container\" data-e-type=\"container\">\n\t\t\t\t<div class=\"elementor-element elementor-element-4100368e elementor-widget elementor-widget-heading\" data-id=\"4100368e\" data-element_type=\"widget\" data-e-type=\"widget\" data-widget_type=\"heading.default\">\n\t\t\t\t\t<h1 class=\"elementor-heading-title elementor-size-default\">Legal Notice<\/h1>\t\t\t\t<\/div>\n\t\t\t\t<div class=\"elementor-element elementor-element-69f55f6d elementor-widget elementor-widget-text-editor\" data-id=\"69f55f6d\" data-element_type=\"widget\" data-e-type=\"widget\" data-widget_type=\"text-editor.default\">\n\t\t\t\t\t\t\t\t\t<p>Benediktpreis von M\u00f6nchengladbach e.V.<br>Am Rosengarten 52<br>41063 M\u00f6nchengladbach<br>Germany<\/p><p>+49 211 \u2013 5422 5252<br>ulrich@harnacke-advisory.de<\/p><p>Represented by:<br>Ulrich Harnacke<\/p><p>Person Responsible for Content<br>(according to Section 55 (2) RStV):<br>Ulrich Harnacke<br>Am Rosengarten 52<br>41063 M\u00f6nchengladbach<\/p><p>Bank details:<br>BIC: GENO DE D1 GBM<br>IBAN: DE77 3106 0181 0094 9400 95<br>Gladbacher Bank AG in M\u00f6nchengladbach<\/p>\t\t\t\t\t\t\t\t<\/div>\n\t\t\t\t<div class=\"elementor-element elementor-element-f7b778e elementor-widget elementor-widget-text-editor\" data-id=\"f7b778e\" data-element_type=\"widget\" data-e-type=\"widget\" data-widget_type=\"text-editor.default\">\n\t\t\t\t\t\t\t\t\t<p><strong>Disclaimer<\/strong><\/p><p>1. Content of the online offer<\/p><p>The author assumes no liability for the topicality, correctness, completeness, or quality of the information provided. Liability claims against the author relating to material or non-material damage caused by the use or non-use of the information provided or by the use of incorrect and incomplete information are fundamentally excluded, unless there is evidence of intentional or gross negligence on the part of the author.<br>All offers are subject to change and non-binding. The author expressly reserves the right to change, supplement, or delete parts of the pages or the entire offer without separate announcement, or to temporarily or permanently cease publication.<\/p><p>2. References and links<\/p><p>In the case of direct or indirect references to external websites (&#8220;hyperlinks&#8221;) that lie outside the author&#8217;s area of responsibility, a liability obligation would only come into force if the author has knowledge of the content and it would be technically possible and reasonable for him to prevent use in the case of illegal content.<br>The author hereby expressly declares that at the time the links were created, no illegal content was recognizable on the pages to be linked. The author has no influence on the current and future design, content, or authorship of the linked pages. Therefore, he hereby expressly distances himself from all content of all linked pages that were changed after the link was set. This statement applies to all links and references set within the author&#8217;s own website as well as to external entries in guest books, discussion forums, link directories, mailing lists, and all other forms of databases set up by the author to which external write access is possible. For illegal, incorrect, or incomplete content and in particular for damage resulting from the use or non-use of such information, the provider of the page to which reference was made is solely liable, not the person who merely refers to the respective publication via links.<\/p><p>3. Copyright and trademark law<\/p><p>The author endeavors to observe the copyrights of the images, graphics, sound documents, video sequences, and texts used in all publications, to use images, graphics, sound documents, video sequences, and texts created by himself, or to use license-free graphics, sound documents, video sequences, and texts.<br>All brand names and trademarks mentioned within the website and, if applicable, protected by third parties are subject without restriction to the provisions of the respectively valid trademark law and the ownership rights of the respective registered owners. The mere mention of a trademark does not imply that it is not protected by the rights of third parties!<br>The copyright for published objects created by the author himself remains solely with the author of the pages. Any duplication or use of such graphics, sound documents, video sequences, and texts in other electronic or printed publications is not permitted without the express consent of the author.<\/p><p>4. Legal validity of this disclaimer<\/p><p>This disclaimer is to be regarded as part of the internet offer from which you were referred to this page. If parts or individual formulations of this text do not, no longer, or do not completely correspond to the current legal situation, the remaining parts of the document remain unaffected in their content and validity.<br>Use of Matomo<\/p><p>We use the Matomo analysis tool from InnoCraft Ltd. (150 Willis St, 6011 Wellington, New Zealand; &#8220;Matomo&#8221;) on our website.<\/p><p>The data processing serves the purpose of analyzing this website and its visitors. For this purpose, data is collected and stored for marketing and optimization purposes. Usage profiles can be created from this data under a pseudonym. Cookies may be used for this purpose. The cookies enable the recognition of the internet browser. The data collected with Matomo technologies will not be used to personally identify the visitor to this website without the separately granted consent of the person concerned and will not be merged with personal data about the bearer of the pseudonym.<br>Processing is carried out on the basis of Art. 6 (1) lit. f GDPR based on the legitimate interest in the demand-oriented and targeted design of the website.<br>You have the right to object at any time, for reasons arising from your particular situation, to this processing of personal data concerning you based on Art. 6 (1) f GDPR. The collection and storage of data can be objected to at any time with effect for the future.<\/p>\t\t\t\t\t\t\t\t<\/div>\n\t\t\t\t<\/div>\n\t\t<div class=\"elementor-element elementor-element-1864989e e-con-full e-flex e-con e-child\" data-id=\"1864989e\" data-element_type=\"container\" data-e-type=\"container\">\n\t\t\t\t<\/div>\n\t\t\t\t<\/div>\n\t\t\t\t\t<\/div>\n\t\t\t\t<\/div>\n\t\t\t\t<\/div>\n\t\t","protected":false},"excerpt":{"rendered":"<p>Legal Notice Benediktpreis von M\u00f6nchengladbach e.V.Am Rosengarten 5241063 M\u00f6nchengladbachGermany +49 211 \u2013 5422 5252ulrich@harnacke-advisory.de Represented by:Ulrich Harnacke Person Responsible for Content(according to Section 55 (2) RStV):Ulrich HarnackeAm Rosengarten 5241063 M\u00f6nchengladbach Bank details:BIC: GENO DE D1 GBMIBAN: DE77 3106 0181 0094 9400 95Gladbacher Bank AG in M\u00f6nchengladbach Disclaimer 1. Content of the online offer The author [&hellip;]<\/p>\n","protected":false},"author":1,"featured_media":0,"parent":0,"menu_order":0,"comment_status":"closed","ping_status":"closed","template":"","meta":{"_acf_changed":false,"footnotes":""},"class_list":["post-687","page","type-page","status-publish","hentry"],"acf":[],"yoast_head":"<!-- This site is optimized with the Yoast SEO plugin v27.4 - https:\/\/yoast.com\/product\/yoast-seo-wordpress\/ -->\n<title>Legal Notice - Benediktpreis von M\u00f6nchengladbach<\/title>\n<meta name=\"robots\" content=\"index, follow, max-snippet:-1, max-image-preview:large, max-video-preview:-1\" \/>\n<link rel=\"canonical\" href=\"https:\/\/www.benediktpreis.de\/en\/legal-notice\/\" \/>\n<meta property=\"og:locale\" content=\"en_US\" \/>\n<meta property=\"og:type\" content=\"article\" \/>\n<meta property=\"og:title\" content=\"Legal Notice - Benediktpreis von M\u00f6nchengladbach\" \/>\n<meta property=\"og:description\" content=\"Legal Notice Benediktpreis von M\u00f6nchengladbach e.V.Am Rosengarten 5241063 M\u00f6nchengladbachGermany +49 211 \u2013 5422 5252ulrich@harnacke-advisory.de Represented by:Ulrich Harnacke Person Responsible for Content(according to Section 55 (2) RStV):Ulrich HarnackeAm Rosengarten 5241063 M\u00f6nchengladbach Bank details:BIC: GENO DE D1 GBMIBAN: DE77 3106 0181 0094 9400 95Gladbacher Bank AG in M\u00f6nchengladbach Disclaimer 1. Content of the online offer The author [&hellip;]\" \/>\n<meta property=\"og:url\" content=\"https:\/\/www.benediktpreis.de\/en\/legal-notice\/\" \/>\n<meta property=\"og:site_name\" content=\"Benediktpreis von M\u00f6nchengladbach\" \/>\n<meta property=\"article:modified_time\" content=\"2026-04-15T12:28:07+00:00\" \/>\n<meta name=\"twitter:card\" content=\"summary_large_image\" \/>\n<meta name=\"twitter:label1\" content=\"Est. reading time\" \/>\n\t<meta name=\"twitter:data1\" content=\"4 minutes\" \/>\n<script type=\"application\/ld+json\" class=\"yoast-schema-graph\">{\"@context\":\"https:\\\/\\\/schema.org\",\"@graph\":[{\"@type\":\"WebPage\",\"@id\":\"https:\\\/\\\/www.benediktpreis.de\\\/en\\\/legal-notice\\\/\",\"url\":\"https:\\\/\\\/www.benediktpreis.de\\\/en\\\/legal-notice\\\/\",\"name\":\"Legal Notice - Benediktpreis von M\u00f6nchengladbach\",\"isPartOf\":{\"@id\":\"https:\\\/\\\/www.benediktpreis.de\\\/en\\\/#website\"},\"datePublished\":\"2026-02-23T14:30:23+00:00\",\"dateModified\":\"2026-04-15T12:28:07+00:00\",\"breadcrumb\":{\"@id\":\"https:\\\/\\\/www.benediktpreis.de\\\/en\\\/legal-notice\\\/#breadcrumb\"},\"inLanguage\":\"en-US\",\"potentialAction\":[{\"@type\":\"ReadAction\",\"target\":[\"https:\\\/\\\/www.benediktpreis.de\\\/en\\\/legal-notice\\\/\"]}]},{\"@type\":\"BreadcrumbList\",\"@id\":\"https:\\\/\\\/www.benediktpreis.de\\\/en\\\/legal-notice\\\/#breadcrumb\",\"itemListElement\":[{\"@type\":\"ListItem\",\"position\":1,\"name\":\"Start\",\"item\":\"https:\\\/\\\/www.benediktpreis.de\\\/en\\\/home\\\/\"},{\"@type\":\"ListItem\",\"position\":2,\"name\":\"Legal Notice\"}]},{\"@type\":\"WebSite\",\"@id\":\"https:\\\/\\\/www.benediktpreis.de\\\/en\\\/#website\",\"url\":\"https:\\\/\\\/www.benediktpreis.de\\\/en\\\/\",\"name\":\"Benediktpreis von M\u00f6nchengladbach\",\"description\":\"\",\"publisher\":{\"@id\":\"https:\\\/\\\/www.benediktpreis.de\\\/en\\\/#organization\"},\"potentialAction\":[{\"@type\":\"SearchAction\",\"target\":{\"@type\":\"EntryPoint\",\"urlTemplate\":\"https:\\\/\\\/www.benediktpreis.de\\\/en\\\/?s={search_term_string}\"},\"query-input\":{\"@type\":\"PropertyValueSpecification\",\"valueRequired\":true,\"valueName\":\"search_term_string\"}}],\"inLanguage\":\"en-US\"},{\"@type\":\"Organization\",\"@id\":\"https:\\\/\\\/www.benediktpreis.de\\\/en\\\/#organization\",\"name\":\"Benediktpreis von M\u00f6nchengladbach\",\"url\":\"https:\\\/\\\/www.benediktpreis.de\\\/en\\\/\",\"logo\":{\"@type\":\"ImageObject\",\"inLanguage\":\"en-US\",\"@id\":\"https:\\\/\\\/www.benediktpreis.de\\\/en\\\/#\\\/schema\\\/logo\\\/image\\\/\",\"url\":\"https:\\\/\\\/www.benediktpreis.de\\\/wp-content\\\/uploads\\\/2026\\\/02\\\/Benediktpreis-Logo.svg\",\"contentUrl\":\"https:\\\/\\\/www.benediktpreis.de\\\/wp-content\\\/uploads\\\/2026\\\/02\\\/Benediktpreis-Logo.svg\",\"width\":207,\"height\":64,\"caption\":\"Benediktpreis von M\u00f6nchengladbach\"},\"image\":{\"@id\":\"https:\\\/\\\/www.benediktpreis.de\\\/en\\\/#\\\/schema\\\/logo\\\/image\\\/\"}}]}<\/script>\n<!-- \/ Yoast SEO plugin. -->","yoast_head_json":{"title":"Legal Notice - Benediktpreis von M\u00f6nchengladbach","robots":{"index":"index","follow":"follow","max-snippet":"max-snippet:-1","max-image-preview":"max-image-preview:large","max-video-preview":"max-video-preview:-1"},"canonical":"https:\/\/www.benediktpreis.de\/en\/legal-notice\/","og_locale":"en_US","og_type":"article","og_title":"Legal Notice - Benediktpreis von M\u00f6nchengladbach","og_description":"Legal Notice Benediktpreis von M\u00f6nchengladbach e.V.Am Rosengarten 5241063 M\u00f6nchengladbachGermany +49 211 \u2013 5422 5252ulrich@harnacke-advisory.de Represented by:Ulrich Harnacke Person Responsible for Content(according to Section 55 (2) RStV):Ulrich HarnackeAm Rosengarten 5241063 M\u00f6nchengladbach Bank details:BIC: GENO DE D1 GBMIBAN: DE77 3106 0181 0094 9400 95Gladbacher Bank AG in M\u00f6nchengladbach Disclaimer 1. Content of the online offer The author [&hellip;]","og_url":"https:\/\/www.benediktpreis.de\/en\/legal-notice\/","og_site_name":"Benediktpreis von M\u00f6nchengladbach","article_modified_time":"2026-04-15T12:28:07+00:00","twitter_card":"summary_large_image","twitter_misc":{"Est. reading time":"4 minutes"},"schema":{"@context":"https:\/\/schema.org","@graph":[{"@type":"WebPage","@id":"https:\/\/www.benediktpreis.de\/en\/legal-notice\/","url":"https:\/\/www.benediktpreis.de\/en\/legal-notice\/","name":"Legal Notice - Benediktpreis von M\u00f6nchengladbach","isPartOf":{"@id":"https:\/\/www.benediktpreis.de\/en\/#website"},"datePublished":"2026-02-23T14:30:23+00:00","dateModified":"2026-04-15T12:28:07+00:00","breadcrumb":{"@id":"https:\/\/www.benediktpreis.de\/en\/legal-notice\/#breadcrumb"},"inLanguage":"en-US","potentialAction":[{"@type":"ReadAction","target":["https:\/\/www.benediktpreis.de\/en\/legal-notice\/"]}]},{"@type":"BreadcrumbList","@id":"https:\/\/www.benediktpreis.de\/en\/legal-notice\/#breadcrumb","itemListElement":[{"@type":"ListItem","position":1,"name":"Start","item":"https:\/\/www.benediktpreis.de\/en\/home\/"},{"@type":"ListItem","position":2,"name":"Legal Notice"}]},{"@type":"WebSite","@id":"https:\/\/www.benediktpreis.de\/en\/#website","url":"https:\/\/www.benediktpreis.de\/en\/","name":"Benediktpreis von M\u00f6nchengladbach","description":"","publisher":{"@id":"https:\/\/www.benediktpreis.de\/en\/#organization"},"potentialAction":[{"@type":"SearchAction","target":{"@type":"EntryPoint","urlTemplate":"https:\/\/www.benediktpreis.de\/en\/?s={search_term_string}"},"query-input":{"@type":"PropertyValueSpecification","valueRequired":true,"valueName":"search_term_string"}}],"inLanguage":"en-US"},{"@type":"Organization","@id":"https:\/\/www.benediktpreis.de\/en\/#organization","name":"Benediktpreis von M\u00f6nchengladbach","url":"https:\/\/www.benediktpreis.de\/en\/","logo":{"@type":"ImageObject","inLanguage":"en-US","@id":"https:\/\/www.benediktpreis.de\/en\/#\/schema\/logo\/image\/","url":"https:\/\/www.benediktpreis.de\/wp-content\/uploads\/2026\/02\/Benediktpreis-Logo.svg","contentUrl":"https:\/\/www.benediktpreis.de\/wp-content\/uploads\/2026\/02\/Benediktpreis-Logo.svg","width":207,"height":64,"caption":"Benediktpreis von M\u00f6nchengladbach"},"image":{"@id":"https:\/\/www.benediktpreis.de\/en\/#\/schema\/logo\/image\/"}}]}},"_links":{"self":[{"href":"https:\/\/www.benediktpreis.de\/en\/wp-json\/wp\/v2\/pages\/687","targetHints":{"allow":["GET"]}}],"collection":[{"href":"https:\/\/www.benediktpreis.de\/en\/wp-json\/wp\/v2\/pages"}],"about":[{"href":"https:\/\/www.benediktpreis.de\/en\/wp-json\/wp\/v2\/types\/page"}],"author":[{"embeddable":true,"href":"https:\/\/www.benediktpreis.de\/en\/wp-json\/wp\/v2\/users\/1"}],"replies":[{"embeddable":true,"href":"https:\/\/www.benediktpreis.de\/en\/wp-json\/wp\/v2\/comments?post=687"}],"version-history":[{"count":2,"href":"https:\/\/www.benediktpreis.de\/en\/wp-json\/wp\/v2\/pages\/687\/revisions"}],"predecessor-version":[{"id":876,"href":"https:\/\/www.benediktpreis.de\/en\/wp-json\/wp\/v2\/pages\/687\/revisions\/876"}],"wp:attachment":[{"href":"https:\/\/www.benediktpreis.de\/en\/wp-json\/wp\/v2\/media?parent=687"}],"curies":[{"name":"wp","href":"https:\/\/api.w.org\/{rel}","templated":true}]}}