{"id":684,"date":"2026-02-23T14:43:30","date_gmt":"2026-02-23T13:43:30","guid":{"rendered":"https:\/\/www.benediktpreis.de\/committees\/"},"modified":"2026-03-26T13:29:02","modified_gmt":"2026-03-26T12:29:02","slug":"committees","status":"publish","type":"page","link":"https:\/\/www.benediktpreis.de\/en\/committees\/","title":{"rendered":"Committees"},"content":{"rendered":"\t\t<div data-elementor-type=\"wp-page\" data-elementor-id=\"684\" class=\"elementor elementor-684 elementor-191\" data-elementor-post-type=\"page\">\n\t\t\t\t<div class=\"elementor-element elementor-element-b6f3fea e-flex e-con-boxed e-con e-parent\" data-id=\"b6f3fea\" data-element_type=\"container\" data-e-type=\"container\">\n\t\t\t\t\t<div class=\"e-con-inner\">\n\t\t\t\t<div class=\"elementor-element elementor-element-12f0c453 elementor-widget elementor-widget-image\" data-id=\"12f0c453\" data-element_type=\"widget\" data-e-type=\"widget\" data-widget_type=\"image.default\">\n\t\t\t\t\t\t\t\t\t\t\t\t\t\t\t<img fetchpriority=\"high\" decoding=\"async\" width=\"800\" height=\"479\" src=\"https:\/\/www.benediktpreis.de\/wp-content\/uploads\/2026\/03\/Vorstand-Benediktpreis-MG-e1773756767588.jpg\" class=\"attachment-large size-large wp-image-685\" alt=\"\" srcset=\"https:\/\/www.benediktpreis.de\/wp-content\/uploads\/2026\/03\/Vorstand-Benediktpreis-MG-e1773756767588.jpg 800w, https:\/\/www.benediktpreis.de\/wp-content\/uploads\/2026\/03\/Vorstand-Benediktpreis-MG-e1773756767588-300x180.jpg 300w, https:\/\/www.benediktpreis.de\/wp-content\/uploads\/2026\/03\/Vorstand-Benediktpreis-MG-e1773756767588-768x460.jpg 768w\" sizes=\"(max-width: 800px) 100vw, 800px\" \/>\t\t\t\t\t\t\t\t\t\t\t\t\t\t\t<\/div>\n\t\t<div class=\"elementor-element elementor-element-78d3ef9e e-con-full e-flex e-con e-child\" data-id=\"78d3ef9e\" data-element_type=\"container\" data-e-type=\"container\">\n\t\t\t\t<div class=\"elementor-element elementor-element-3a85a8d3 elementor-widget elementor-widget-heading\" data-id=\"3a85a8d3\" data-element_type=\"widget\" data-e-type=\"widget\" data-widget_type=\"heading.default\">\n\t\t\t\t\t<h1 class=\"elementor-heading-title elementor-size-default\">Committees<\/h1>\t\t\t\t<\/div>\n\t\t<div class=\"elementor-element elementor-element-ffdb5eb e-con-full e-flex e-con e-child\" data-id=\"ffdb5eb\" data-element_type=\"container\" data-e-type=\"container\">\n\t\t<div class=\"elementor-element elementor-element-398833e5 e-con-full e-flex e-con e-child\" data-id=\"398833e5\" data-element_type=\"container\" data-e-type=\"container\">\n\t\t\t\t<div class=\"elementor-element elementor-element-4c3e00b elementor-widget elementor-widget-text-editor\" data-id=\"4c3e00b\" data-element_type=\"widget\" data-e-type=\"widget\" data-widget_type=\"text-editor.default\">\n\t\t\t\t\t\t\t\t\t<h2>The Board<\/h2><p>The Board of the &#8220;Benediktpreis von M\u00f6nchengladbach&#8221; Association:<\/p><p><strong>Chairman:<br><\/strong>Ulrich Harnacke<\/p><p><strong>Vice Chairman:<br><\/strong>Dr. Bernd Hillekamps<br>Prof. Dr. Harald Vergossen<\/p><p><strong>Treasurer:<br><\/strong>Ludwig Quacken<\/p>\t\t\t\t\t\t\t\t<\/div>\n\t\t\t\t<\/div>\n\t\t<div class=\"elementor-element elementor-element-6e8044d6 e-con-full e-flex e-con e-child\" data-id=\"6e8044d6\" data-element_type=\"container\" data-e-type=\"container\">\n\t\t\t\t<\/div>\n\t\t\t\t<\/div>\n\t\t\t\t<div class=\"elementor-element elementor-element-c5e229c elementor-widget-divider--view-line elementor-widget elementor-widget-divider\" data-id=\"c5e229c\" data-element_type=\"widget\" data-e-type=\"widget\" data-widget_type=\"divider.default\">\n\t\t\t\t\t\t\t<div class=\"elementor-divider\">\n\t\t\t<span class=\"elementor-divider-separator\">\n\t\t\t\t\t\t<\/span>\n\t\t<\/div>\n\t\t\t\t\t\t<\/div>\n\t\t\t\t<div class=\"elementor-element elementor-element-9ae3bf7 elementor-widget elementor-widget-text-editor\" data-id=\"9ae3bf7\" data-element_type=\"widget\" data-e-type=\"widget\" data-widget_type=\"text-editor.default\">\n\t\t\t\t\t\t\t\t\t<h2 class=\"fusion-responsive-typography-calculated\" data-fontsize=\"18\" data-lineheight=\"27px\">Honorary Chairman<\/h2><p>Helmut Linnenbrink<\/p>\t\t\t\t\t\t\t\t<\/div>\n\t\t\t\t<div class=\"elementor-element elementor-element-286b121 elementor-widget-divider--view-line elementor-widget elementor-widget-divider\" data-id=\"286b121\" data-element_type=\"widget\" data-e-type=\"widget\" data-widget_type=\"divider.default\">\n\t\t\t\t\t\t\t<div class=\"elementor-divider\">\n\t\t\t<span class=\"elementor-divider-separator\">\n\t\t\t\t\t\t<\/span>\n\t\t<\/div>\n\t\t\t\t\t\t<\/div>\n\t\t\t\t<div class=\"elementor-element elementor-element-f661baa elementor-widget elementor-widget-heading\" data-id=\"f661baa\" data-element_type=\"widget\" data-e-type=\"widget\" data-widget_type=\"heading.default\">\n\t\t\t\t\t<h2 class=\"elementor-heading-title elementor-size-default\">The Board of Trustees<\/h2>\t\t\t\t<\/div>\n\t\t<div class=\"elementor-element elementor-element-df7884e e-con-full e-flex e-con e-child\" data-id=\"df7884e\" data-element_type=\"container\" data-e-type=\"container\">\n\t\t<div class=\"elementor-element elementor-element-27c27e0 e-con-full e-flex e-con e-child\" data-id=\"27c27e0\" data-element_type=\"container\" data-e-type=\"container\">\n\t\t\t\t<div class=\"elementor-element elementor-element-799c247 elementor-widget elementor-widget-text-editor\" data-id=\"799c247\" data-element_type=\"widget\" data-e-type=\"widget\" data-widget_type=\"text-editor.default\">\n\t\t\t\t\t\t\t\t\t<p><span class=\"person-name\"><strong>Ulrich Kania (Chairman)<\/strong><br><\/span><span class=\"person-title\">M\u00f6nchengladbach,<br>Prof. Dr. med., Surgeon<br><\/span><\/p>\t\t\t\t\t\t\t\t<\/div>\n\t\t\t\t<\/div>\n\t\t<div class=\"elementor-element elementor-element-4abf484 e-con-full e-flex e-con e-child\" data-id=\"4abf484\" data-element_type=\"container\" data-e-type=\"container\">\n\t\t\t\t<div class=\"elementor-element elementor-element-fda19c7 elementor-widget elementor-widget-text-editor\" data-id=\"fda19c7\" data-element_type=\"widget\" data-e-type=\"widget\" data-widget_type=\"text-editor.default\">\n\t\t\t\t\t\t\t\t\t<div class=\"person-author\"><div class=\"person-author-wrapper\"><strong><span class=\"person-name\">Felix Heinrichs<\/span><span class=\"person-title\">(Deputy Chairman)<\/span><\/strong><\/div><\/div><div class=\"person-content fusion-clearfix\">M\u00f6nchengladbach,<br>Lord Mayor<\/div>\t\t\t\t\t\t\t\t<\/div>\n\t\t\t\t<\/div>\n\t\t<div class=\"elementor-element elementor-element-43c737b e-con-full e-flex e-con e-child\" data-id=\"43c737b\" data-element_type=\"container\" data-e-type=\"container\">\n\t\t\t\t<\/div>\n\t\t\t\t<\/div>\n\t\t<div class=\"elementor-element elementor-element-67da61a e-con-full e-flex e-con e-child\" data-id=\"67da61a\" data-element_type=\"container\" data-e-type=\"container\">\n\t\t<div class=\"elementor-element elementor-element-5151e43 e-con-full e-flex e-con e-child\" data-id=\"5151e43\" data-element_type=\"container\" data-e-type=\"container\">\n\t\t\t\t<div class=\"elementor-element elementor-element-f913954 elementor-widget elementor-widget-text-editor\" data-id=\"f913954\" data-element_type=\"widget\" data-e-type=\"widget\" data-widget_type=\"text-editor.default\">\n\t\t\t\t\t\t\t\t\t<p><strong>Wolfgang Bruncken<\/strong><br>Cologne, Managing Director of<br>Hanns-Martin-Schleyer-Stiftung (ret.)<\/p>\t\t\t\t\t\t\t\t<\/div>\n\t\t\t\t<\/div>\n\t\t<div class=\"elementor-element elementor-element-a0bec1e e-con-full e-flex e-con e-child\" data-id=\"a0bec1e\" data-element_type=\"container\" data-e-type=\"container\">\n\t\t\t\t<div class=\"elementor-element elementor-element-c914439 elementor-widget elementor-widget-text-editor\" data-id=\"c914439\" data-element_type=\"widget\" data-e-type=\"widget\" data-widget_type=\"text-editor.default\">\n\t\t\t\t\t\t\t\t\t<p><strong>Andr\u00e9 Kuper<\/strong><br>D\u00fcsseldorf<br>President of the NRW State Parliament<\/p>\t\t\t\t\t\t\t\t<\/div>\n\t\t\t\t<\/div>\n\t\t<div class=\"elementor-element elementor-element-39c9819 e-con-full e-flex e-con e-child\" data-id=\"39c9819\" data-element_type=\"container\" data-e-type=\"container\">\n\t\t\t\t<div class=\"elementor-element elementor-element-3f63eaf elementor-widget elementor-widget-text-editor\" data-id=\"3f63eaf\" data-element_type=\"widget\" data-e-type=\"widget\" data-widget_type=\"text-editor.default\">\n\t\t\t\t\t\t\t\t\t<p><strong>Martin Engels<\/strong><br>D\u00fcsseldorf<br>Commissioner Ev. Office NRW<\/p>\t\t\t\t\t\t\t\t<\/div>\n\t\t\t\t<\/div>\n\t\t\t\t<\/div>\n\t\t<div class=\"elementor-element elementor-element-008bdd0 e-con-full e-flex e-con e-child\" data-id=\"008bdd0\" data-element_type=\"container\" data-e-type=\"container\">\n\t\t<div class=\"elementor-element elementor-element-01ca6b8 e-con-full e-flex e-con e-child\" data-id=\"01ca6b8\" data-element_type=\"container\" data-e-type=\"container\">\n\t\t\t\t<div class=\"elementor-element elementor-element-80e24d8 elementor-widget elementor-widget-text-editor\" data-id=\"80e24d8\" data-element_type=\"widget\" data-e-type=\"widget\" data-widget_type=\"text-editor.default\">\n\t\t\t\t\t\t\t\t\t<p><strong>Dr. Erich Prinz von Lobkowicz<\/strong><br>Maxlrain, President of the German Association<br>of the Sovereign Military Order of Malta<\/p>\t\t\t\t\t\t\t\t<\/div>\n\t\t\t\t<\/div>\n\t\t<div class=\"elementor-element elementor-element-bc5f9ae e-con-full e-flex e-con e-child\" data-id=\"bc5f9ae\" data-element_type=\"container\" data-e-type=\"container\">\n\t\t\t\t<div class=\"elementor-element elementor-element-faa380c elementor-widget elementor-widget-text-editor\" data-id=\"faa380c\" data-element_type=\"widget\" data-e-type=\"widget\" data-widget_type=\"text-editor.default\">\n\t\t\t\t\t\t\t\t\t<p><strong>Beate Gothe<\/strong><br>M\u00f6nchengladbach, Managing<br>Partner Heinz Gothe GmbH &amp; Co. KG<\/p>\t\t\t\t\t\t\t\t<\/div>\n\t\t\t\t<\/div>\n\t\t<div class=\"elementor-element elementor-element-b4f9c9a e-con-full e-flex e-con e-child\" data-id=\"b4f9c9a\" data-element_type=\"container\" data-e-type=\"container\">\n\t\t\t\t<div class=\"elementor-element elementor-element-22da0b8 elementor-widget elementor-widget-text-editor\" data-id=\"22da0b8\" data-element_type=\"widget\" data-e-type=\"widget\" data-widget_type=\"text-editor.default\">\n\t\t\t\t\t\t\t\t\t<p><strong>Dr. Rolf Martin Schmitz<\/strong><br>M\u00f6nchengladbach<br>Chairman of the Executive Board of RWE AG (ret.)<\/p>\t\t\t\t\t\t\t\t<\/div>\n\t\t\t\t<\/div>\n\t\t\t\t<\/div>\n\t\t<div class=\"elementor-element elementor-element-c14ad40 e-con-full e-flex e-con e-child\" data-id=\"c14ad40\" data-element_type=\"container\" data-e-type=\"container\">\n\t\t<div class=\"elementor-element elementor-element-17e1dd0 e-con-full e-flex e-con e-child\" data-id=\"17e1dd0\" data-element_type=\"container\" data-e-type=\"container\">\n\t\t\t\t<div class=\"elementor-element elementor-element-55c9a34 elementor-widget elementor-widget-text-editor\" data-id=\"55c9a34\" data-element_type=\"widget\" data-e-type=\"widget\" data-widget_type=\"text-editor.default\">\n\t\t\t\t\t\t\t\t\t<p><strong>Dr. Antonius Hamers<\/strong><br>M\u00fcnster\/D\u00fcsseldorf<br>Canon-Director Catholic Office NRW<\/p>\t\t\t\t\t\t\t\t<\/div>\n\t\t\t\t<\/div>\n\t\t<div class=\"elementor-element elementor-element-cb7fb84 e-con-full e-flex e-con e-child\" data-id=\"cb7fb84\" data-element_type=\"container\" data-e-type=\"container\">\n\t\t\t\t<div class=\"elementor-element elementor-element-5a9a65d elementor-widget elementor-widget-text-editor\" data-id=\"5a9a65d\" data-element_type=\"widget\" data-e-type=\"widget\" data-widget_type=\"text-editor.default\">\n\t\t\t\t\t\t\t\t\t<p><strong>Dr. Hubertine Underberg-Ruder<\/strong><br>Dietlikon, Switzerland<br>Chairwoman of the Board of Directors of Underberg AG<\/p>\t\t\t\t\t\t\t\t<\/div>\n\t\t\t\t<\/div>\n\t\t<div class=\"elementor-element elementor-element-aca7abc e-con-full e-flex e-con e-child\" data-id=\"aca7abc\" data-element_type=\"container\" data-e-type=\"container\">\n\t\t\t\t<div class=\"elementor-element elementor-element-45a2a92 elementor-widget elementor-widget-text-editor\" data-id=\"45a2a92\" data-element_type=\"widget\" data-e-type=\"widget\" data-widget_type=\"text-editor.default\">\n\t\t\t\t\t\t\t\t\t<p><strong>Sven Witteck<\/strong><br>M\u00f6nchengladbach<br>Spokesman of the Board of Gladbacher Bank AG<\/p>\t\t\t\t\t\t\t\t<\/div>\n\t\t\t\t<\/div>\n\t\t\t\t<\/div>\n\t\t\t\t<\/div>\n\t\t\t\t\t<\/div>\n\t\t\t\t<\/div>\n\t\t\t\t<\/div>\n\t\t","protected":false},"excerpt":{"rendered":"<p>Committees The Board The Board of the &#8220;Benediktpreis von M\u00f6nchengladbach&#8221; Association: Chairman:Ulrich Harnacke Vice Chairman:Dr. Bernd HillekampsProf. Dr. Harald Vergossen Treasurer:Ludwig Quacken Honorary Chairman Helmut Linnenbrink The Board of Trustees Ulrich Kania (Chairman)M\u00f6nchengladbach,Prof. Dr. med., Surgeon Felix Heinrichs(Deputy Chairman)M\u00f6nchengladbach,Lord Mayor Wolfgang BrunckenCologne, Managing Director ofHanns-Martin-Schleyer-Stiftung (ret.) Andr\u00e9 KuperD\u00fcsseldorfPresident of the NRW State Parliament Martin EngelsD\u00fcsseldorfCommissioner [&hellip;]<\/p>\n","protected":false},"author":1,"featured_media":0,"parent":0,"menu_order":0,"comment_status":"closed","ping_status":"closed","template":"","meta":{"_acf_changed":false,"footnotes":""},"class_list":["post-684","page","type-page","status-publish","hentry"],"acf":[],"yoast_head":"<!-- This site is optimized with the Yoast SEO plugin v27.4 - https:\/\/yoast.com\/product\/yoast-seo-wordpress\/ -->\n<title>Committees - Benediktpreis von M\u00f6nchengladbach<\/title>\n<meta name=\"robots\" content=\"index, follow, max-snippet:-1, max-image-preview:large, max-video-preview:-1\" \/>\n<link rel=\"canonical\" href=\"https:\/\/www.benediktpreis.de\/en\/committees\/\" \/>\n<meta property=\"og:locale\" content=\"en_US\" \/>\n<meta property=\"og:type\" content=\"article\" \/>\n<meta property=\"og:title\" content=\"Committees - Benediktpreis von M\u00f6nchengladbach\" \/>\n<meta property=\"og:description\" content=\"Committees The Board The Board of the &#8220;Benediktpreis von M\u00f6nchengladbach&#8221; Association: Chairman:Ulrich Harnacke Vice Chairman:Dr. Bernd HillekampsProf. Dr. Harald Vergossen Treasurer:Ludwig Quacken Honorary Chairman Helmut Linnenbrink The Board of Trustees Ulrich Kania (Chairman)M\u00f6nchengladbach,Prof. Dr. med., Surgeon Felix Heinrichs(Deputy Chairman)M\u00f6nchengladbach,Lord Mayor Wolfgang BrunckenCologne, Managing Director ofHanns-Martin-Schleyer-Stiftung (ret.) Andr\u00e9 KuperD\u00fcsseldorfPresident of the NRW State Parliament Martin EngelsD\u00fcsseldorfCommissioner [&hellip;]\" \/>\n<meta property=\"og:url\" content=\"https:\/\/www.benediktpreis.de\/en\/committees\/\" \/>\n<meta property=\"og:site_name\" content=\"Benediktpreis von M\u00f6nchengladbach\" \/>\n<meta property=\"article:modified_time\" content=\"2026-03-26T12:29:02+00:00\" \/>\n<meta property=\"og:image\" content=\"https:\/\/www.benediktpreis.de\/wp-content\/uploads\/2026\/03\/Vorstand-Benediktpreis-MG-e1773756767588.jpg\" \/>\n\t<meta property=\"og:image:width\" content=\"800\" \/>\n\t<meta property=\"og:image:height\" content=\"479\" \/>\n\t<meta property=\"og:image:type\" content=\"image\/jpeg\" \/>\n<meta name=\"twitter:card\" content=\"summary_large_image\" \/>\n<meta name=\"twitter:label1\" content=\"Est. reading time\" \/>\n\t<meta name=\"twitter:data1\" content=\"1 minute\" \/>\n<script type=\"application\/ld+json\" class=\"yoast-schema-graph\">{\"@context\":\"https:\\\/\\\/schema.org\",\"@graph\":[{\"@type\":\"WebPage\",\"@id\":\"https:\\\/\\\/www.benediktpreis.de\\\/en\\\/committees\\\/\",\"url\":\"https:\\\/\\\/www.benediktpreis.de\\\/en\\\/committees\\\/\",\"name\":\"Committees - Benediktpreis von M\u00f6nchengladbach\",\"isPartOf\":{\"@id\":\"https:\\\/\\\/www.benediktpreis.de\\\/en\\\/#website\"},\"primaryImageOfPage\":{\"@id\":\"https:\\\/\\\/www.benediktpreis.de\\\/en\\\/committees\\\/#primaryimage\"},\"image\":{\"@id\":\"https:\\\/\\\/www.benediktpreis.de\\\/en\\\/committees\\\/#primaryimage\"},\"thumbnailUrl\":\"https:\\\/\\\/www.benediktpreis.de\\\/wp-content\\\/uploads\\\/2026\\\/03\\\/Vorstand-Benediktpreis-MG-e1773756767588.jpg\",\"datePublished\":\"2026-02-23T13:43:30+00:00\",\"dateModified\":\"2026-03-26T12:29:02+00:00\",\"breadcrumb\":{\"@id\":\"https:\\\/\\\/www.benediktpreis.de\\\/en\\\/committees\\\/#breadcrumb\"},\"inLanguage\":\"en-US\",\"potentialAction\":[{\"@type\":\"ReadAction\",\"target\":[\"https:\\\/\\\/www.benediktpreis.de\\\/en\\\/committees\\\/\"]}]},{\"@type\":\"ImageObject\",\"inLanguage\":\"en-US\",\"@id\":\"https:\\\/\\\/www.benediktpreis.de\\\/en\\\/committees\\\/#primaryimage\",\"url\":\"https:\\\/\\\/www.benediktpreis.de\\\/wp-content\\\/uploads\\\/2026\\\/03\\\/Vorstand-Benediktpreis-MG-e1773756767588.jpg\",\"contentUrl\":\"https:\\\/\\\/www.benediktpreis.de\\\/wp-content\\\/uploads\\\/2026\\\/03\\\/Vorstand-Benediktpreis-MG-e1773756767588.jpg\"},{\"@type\":\"BreadcrumbList\",\"@id\":\"https:\\\/\\\/www.benediktpreis.de\\\/en\\\/committees\\\/#breadcrumb\",\"itemListElement\":[{\"@type\":\"ListItem\",\"position\":1,\"name\":\"Start\",\"item\":\"https:\\\/\\\/www.benediktpreis.de\\\/en\\\/home\\\/\"},{\"@type\":\"ListItem\",\"position\":2,\"name\":\"Committees\"}]},{\"@type\":\"WebSite\",\"@id\":\"https:\\\/\\\/www.benediktpreis.de\\\/en\\\/#website\",\"url\":\"https:\\\/\\\/www.benediktpreis.de\\\/en\\\/\",\"name\":\"Benediktpreis von M\u00f6nchengladbach\",\"description\":\"\",\"publisher\":{\"@id\":\"https:\\\/\\\/www.benediktpreis.de\\\/en\\\/#organization\"},\"potentialAction\":[{\"@type\":\"SearchAction\",\"target\":{\"@type\":\"EntryPoint\",\"urlTemplate\":\"https:\\\/\\\/www.benediktpreis.de\\\/en\\\/?s={search_term_string}\"},\"query-input\":{\"@type\":\"PropertyValueSpecification\",\"valueRequired\":true,\"valueName\":\"search_term_string\"}}],\"inLanguage\":\"en-US\"},{\"@type\":\"Organization\",\"@id\":\"https:\\\/\\\/www.benediktpreis.de\\\/en\\\/#organization\",\"name\":\"Benediktpreis von M\u00f6nchengladbach\",\"url\":\"https:\\\/\\\/www.benediktpreis.de\\\/en\\\/\",\"logo\":{\"@type\":\"ImageObject\",\"inLanguage\":\"en-US\",\"@id\":\"https:\\\/\\\/www.benediktpreis.de\\\/en\\\/#\\\/schema\\\/logo\\\/image\\\/\",\"url\":\"https:\\\/\\\/www.benediktpreis.de\\\/wp-content\\\/uploads\\\/2026\\\/02\\\/Benediktpreis-Logo.svg\",\"contentUrl\":\"https:\\\/\\\/www.benediktpreis.de\\\/wp-content\\\/uploads\\\/2026\\\/02\\\/Benediktpreis-Logo.svg\",\"width\":207,\"height\":64,\"caption\":\"Benediktpreis von M\u00f6nchengladbach\"},\"image\":{\"@id\":\"https:\\\/\\\/www.benediktpreis.de\\\/en\\\/#\\\/schema\\\/logo\\\/image\\\/\"}}]}<\/script>\n<!-- \/ Yoast SEO plugin. -->","yoast_head_json":{"title":"Committees - Benediktpreis von M\u00f6nchengladbach","robots":{"index":"index","follow":"follow","max-snippet":"max-snippet:-1","max-image-preview":"max-image-preview:large","max-video-preview":"max-video-preview:-1"},"canonical":"https:\/\/www.benediktpreis.de\/en\/committees\/","og_locale":"en_US","og_type":"article","og_title":"Committees - Benediktpreis von M\u00f6nchengladbach","og_description":"Committees The Board The Board of the &#8220;Benediktpreis von M\u00f6nchengladbach&#8221; Association: Chairman:Ulrich Harnacke Vice Chairman:Dr. Bernd HillekampsProf. Dr. Harald Vergossen Treasurer:Ludwig Quacken Honorary Chairman Helmut Linnenbrink The Board of Trustees Ulrich Kania (Chairman)M\u00f6nchengladbach,Prof. Dr. med., Surgeon Felix Heinrichs(Deputy Chairman)M\u00f6nchengladbach,Lord Mayor Wolfgang BrunckenCologne, Managing Director ofHanns-Martin-Schleyer-Stiftung (ret.) Andr\u00e9 KuperD\u00fcsseldorfPresident of the NRW State Parliament Martin EngelsD\u00fcsseldorfCommissioner [&hellip;]","og_url":"https:\/\/www.benediktpreis.de\/en\/committees\/","og_site_name":"Benediktpreis von M\u00f6nchengladbach","article_modified_time":"2026-03-26T12:29:02+00:00","og_image":[{"width":800,"height":479,"url":"https:\/\/www.benediktpreis.de\/wp-content\/uploads\/2026\/03\/Vorstand-Benediktpreis-MG-e1773756767588.jpg","type":"image\/jpeg"}],"twitter_card":"summary_large_image","twitter_misc":{"Est. reading time":"1 minute"},"schema":{"@context":"https:\/\/schema.org","@graph":[{"@type":"WebPage","@id":"https:\/\/www.benediktpreis.de\/en\/committees\/","url":"https:\/\/www.benediktpreis.de\/en\/committees\/","name":"Committees - Benediktpreis von M\u00f6nchengladbach","isPartOf":{"@id":"https:\/\/www.benediktpreis.de\/en\/#website"},"primaryImageOfPage":{"@id":"https:\/\/www.benediktpreis.de\/en\/committees\/#primaryimage"},"image":{"@id":"https:\/\/www.benediktpreis.de\/en\/committees\/#primaryimage"},"thumbnailUrl":"https:\/\/www.benediktpreis.de\/wp-content\/uploads\/2026\/03\/Vorstand-Benediktpreis-MG-e1773756767588.jpg","datePublished":"2026-02-23T13:43:30+00:00","dateModified":"2026-03-26T12:29:02+00:00","breadcrumb":{"@id":"https:\/\/www.benediktpreis.de\/en\/committees\/#breadcrumb"},"inLanguage":"en-US","potentialAction":[{"@type":"ReadAction","target":["https:\/\/www.benediktpreis.de\/en\/committees\/"]}]},{"@type":"ImageObject","inLanguage":"en-US","@id":"https:\/\/www.benediktpreis.de\/en\/committees\/#primaryimage","url":"https:\/\/www.benediktpreis.de\/wp-content\/uploads\/2026\/03\/Vorstand-Benediktpreis-MG-e1773756767588.jpg","contentUrl":"https:\/\/www.benediktpreis.de\/wp-content\/uploads\/2026\/03\/Vorstand-Benediktpreis-MG-e1773756767588.jpg"},{"@type":"BreadcrumbList","@id":"https:\/\/www.benediktpreis.de\/en\/committees\/#breadcrumb","itemListElement":[{"@type":"ListItem","position":1,"name":"Start","item":"https:\/\/www.benediktpreis.de\/en\/home\/"},{"@type":"ListItem","position":2,"name":"Committees"}]},{"@type":"WebSite","@id":"https:\/\/www.benediktpreis.de\/en\/#website","url":"https:\/\/www.benediktpreis.de\/en\/","name":"Benediktpreis von M\u00f6nchengladbach","description":"","publisher":{"@id":"https:\/\/www.benediktpreis.de\/en\/#organization"},"potentialAction":[{"@type":"SearchAction","target":{"@type":"EntryPoint","urlTemplate":"https:\/\/www.benediktpreis.de\/en\/?s={search_term_string}"},"query-input":{"@type":"PropertyValueSpecification","valueRequired":true,"valueName":"search_term_string"}}],"inLanguage":"en-US"},{"@type":"Organization","@id":"https:\/\/www.benediktpreis.de\/en\/#organization","name":"Benediktpreis von M\u00f6nchengladbach","url":"https:\/\/www.benediktpreis.de\/en\/","logo":{"@type":"ImageObject","inLanguage":"en-US","@id":"https:\/\/www.benediktpreis.de\/en\/#\/schema\/logo\/image\/","url":"https:\/\/www.benediktpreis.de\/wp-content\/uploads\/2026\/02\/Benediktpreis-Logo.svg","contentUrl":"https:\/\/www.benediktpreis.de\/wp-content\/uploads\/2026\/02\/Benediktpreis-Logo.svg","width":207,"height":64,"caption":"Benediktpreis von M\u00f6nchengladbach"},"image":{"@id":"https:\/\/www.benediktpreis.de\/en\/#\/schema\/logo\/image\/"}}]}},"_links":{"self":[{"href":"https:\/\/www.benediktpreis.de\/en\/wp-json\/wp\/v2\/pages\/684","targetHints":{"allow":["GET"]}}],"collection":[{"href":"https:\/\/www.benediktpreis.de\/en\/wp-json\/wp\/v2\/pages"}],"about":[{"href":"https:\/\/www.benediktpreis.de\/en\/wp-json\/wp\/v2\/types\/page"}],"author":[{"embeddable":true,"href":"https:\/\/www.benediktpreis.de\/en\/wp-json\/wp\/v2\/users\/1"}],"replies":[{"embeddable":true,"href":"https:\/\/www.benediktpreis.de\/en\/wp-json\/wp\/v2\/comments?post=684"}],"version-history":[{"count":1,"href":"https:\/\/www.benediktpreis.de\/en\/wp-json\/wp\/v2\/pages\/684\/revisions"}],"predecessor-version":[{"id":686,"href":"https:\/\/www.benediktpreis.de\/en\/wp-json\/wp\/v2\/pages\/684\/revisions\/686"}],"wp:attachment":[{"href":"https:\/\/www.benediktpreis.de\/en\/wp-json\/wp\/v2\/media?parent=684"}],"curies":[{"name":"wp","href":"https:\/\/api.w.org\/{rel}","templated":true}]}}